{"id":25064,"date":"2019-02-12T09:48:53","date_gmt":"2019-02-12T11:48:53","guid":{"rendered":"https:\/\/msrchurch.org\/?page_id=25064"},"modified":"2019-05-23T11:01:44","modified_gmt":"2019-05-23T14:01:44","slug":"mulheres","status":"publish","type":"page","link":"https:\/\/msrchurch.org\/index.php\/mulheres\/","title":{"rendered":"Mulheres"},"content":{"rendered":"<div class=\"wpb-content-wrapper\"><p>[vc_row][vc_column][\/vc_column][\/vc_row][vc_row full_width=&#8221;stretch_row_content_no_spaces&#8221; equal_height=&#8221;yes&#8221; css=&#8221;.vc_custom_1456226492361{margin-bottom: 0px !important;}&#8221;][vc_column css=&#8221;.vc_custom_1558620104693{padding-top: 250px !important;padding-bottom: 250px !important;background-image: url(https:\/\/msrchurch.org\/wp-content\/uploads\/2019\/05\/60538610_1097136673828626_9172350247739850752_o.jpg?id=25149) !important;background-position: center !important;background-repeat: no-repeat !important;background-size: cover !important;}&#8221; offset=&#8221;vc_col-lg-6 vc_col-md-6&#8243;][\/vc_column][vc_column offset=&#8221;vc_col-lg-6 vc_col-md-6&#8243;]<div class=\"clearboth\"><\/div><style>#thegem-divider-69fb379dbd7d6 {margin-top: 107px !important;}<\/style><div id=\"thegem-divider-69fb379dbd7d6\" class=\"gem-divider  \" style=\"\" ><\/div><div class=\"clearboth\"><\/div><style>#thegem-divider-69fb379dbd819 {margin-top: 30px !important;}<\/style><div id=\"thegem-divider-69fb379dbd819\" class=\"gem-divider  \" style=\"\" ><\/div>[vc_column_text el_class=&#8221;ptext&#8221; css=&#8221;.vc_custom_1549972345921{padding-right: 50px !important;padding-left: 50px !important;}&#8221;]<\/p>\n<div style=\"text-align: center;\">\n<h4>Mulheres de Ora\u00e7\u00e3o<\/h4>\n<p>Aprendendo a palavra de Deus e servindo neste minist\u00e9rio, as mulheres estar\u00e3o aptas a avan\u00e7ar na sua jornada espiritual. Seja voc\u00ea um visitante ou novo membro venha para as nossas Reuni\u00f5es semanais para um tempo de devo\u00e7\u00e3o, Ora\u00e7\u00e3o e comunh\u00e3o com um delicioso caf\u00e9. Todas as Segundas-Feiras \u00e0s 7:30pm<\/p>\n<\/div>\n<p>[\/vc_column_text]<div class=\"clearboth\"><\/div><style>#thegem-divider-69fb379dbd839 {margin-top: 30px !important;}<\/style><div id=\"thegem-divider-69fb379dbd839\" class=\"gem-divider  \" style=\"\" ><\/div>[\/vc_column][vc_column]<div class=\"clearboth\"><\/div><style>#thegem-divider-69fb379dbd854 {margin-top: 103px !important;}<\/style><div id=\"thegem-divider-69fb379dbd854\" class=\"gem-divider  \" style=\"\" ><\/div>[\/vc_column][\/vc_row]<\/p>\n<\/div>","protected":false},"excerpt":{"rendered":"<p>[vc_row][vc_column][\/vc_column][\/vc_row][vc_row full_width=&#8221;stretch_row_content_no_spaces&#8221; equal_height=&#8221;yes&#8221; css=&#8221;.vc_custom_1456226492361{margin-bottom: 0px !important;}&#8221;][vc_column css=&#8221;.vc_custom_1558620104693{padding-top: 250px !important;padding-bottom: 250px !important;background-image: url(https:\/\/msrchurch.org\/wp-content\/uploads\/2019\/05\/60538610_1097136673828626_9172350247739850752_o.jpg?id=25149) !important;background-position: center !important;background-repeat: no-repeat !important;background-size: cover !important;}&#8221; offset=&#8221;vc_col-lg-6&#8230;<\/p>\n","protected":false},"author":1,"featured_media":0,"parent":0,"menu_order":0,"comment_status":"closed","ping_status":"closed","template":"","meta":{"footnotes":""},"class_list":["post-25064","page","type-page","status-publish"],"yoast_head":"<!-- This site is optimized with the Yoast SEO plugin v27.2 - https:\/\/yoast.com\/product\/yoast-seo-wordpress\/ -->\n<title>Mulheres - Minist\u00e9rio Sobre a Rocha<\/title>\n<meta name=\"robots\" content=\"index, follow, max-snippet:-1, max-image-preview:large, max-video-preview:-1\" \/>\n<link rel=\"canonical\" href=\"https:\/\/msrchurch.org\/index.php\/mulheres\/\" \/>\n<meta property=\"og:locale\" content=\"pt_BR\" \/>\n<meta property=\"og:type\" content=\"article\" \/>\n<meta property=\"og:title\" content=\"Mulheres - Minist\u00e9rio Sobre a Rocha\" \/>\n<meta property=\"og:description\" content=\"[vc_row][vc_column][\/vc_column][\/vc_row][vc_row full_width=&#8221;stretch_row_content_no_spaces&#8221; equal_height=&#8221;yes&#8221; css=&#8221;.vc_custom_1456226492361{margin-bottom: 0px !important;}&#8221;][vc_column css=&#8221;.vc_custom_1558620104693{padding-top: 250px !important;padding-bottom: 250px !important;background-image: url(https:\/\/msrchurch.org\/wp-content\/uploads\/2019\/05\/60538610_1097136673828626_9172350247739850752_o.jpg?id=25149) !important;background-position: center !important;background-repeat: no-repeat !important;background-size: cover !important;}&#8221; offset=&#8221;vc_col-lg-6...\" \/>\n<meta property=\"og:url\" content=\"https:\/\/msrchurch.org\/index.php\/mulheres\/\" \/>\n<meta property=\"og:site_name\" content=\"Minist\u00e9rio Sobre a Rocha\" \/>\n<meta property=\"article:publisher\" content=\"https:\/\/www.facebook.com\/ministeriosobrearochausa\" \/>\n<meta property=\"article:modified_time\" content=\"2019-05-23T14:01:44+00:00\" \/>\n<meta name=\"twitter:card\" content=\"summary_large_image\" \/>\n<meta name=\"twitter:label1\" content=\"Est. tempo de leitura\" \/>\n\t<meta name=\"twitter:data1\" content=\"1 minuto\" \/>\n<script type=\"application\/ld+json\" class=\"yoast-schema-graph\">{\"@context\":\"https:\/\/schema.org\",\"@graph\":[{\"@type\":\"WebPage\",\"@id\":\"https:\/\/msrchurch.org\/index.php\/mulheres\/\",\"url\":\"https:\/\/msrchurch.org\/index.php\/mulheres\/\",\"name\":\"Mulheres - Minist\u00e9rio Sobre a Rocha\",\"isPartOf\":{\"@id\":\"https:\/\/msrchurch.org\/#website\"},\"datePublished\":\"2019-02-12T11:48:53+00:00\",\"dateModified\":\"2019-05-23T14:01:44+00:00\",\"breadcrumb\":{\"@id\":\"https:\/\/msrchurch.org\/index.php\/mulheres\/#breadcrumb\"},\"inLanguage\":\"pt-BR\",\"potentialAction\":[{\"@type\":\"ReadAction\",\"target\":[\"https:\/\/msrchurch.org\/index.php\/mulheres\/\"]}]},{\"@type\":\"BreadcrumbList\",\"@id\":\"https:\/\/msrchurch.org\/index.php\/mulheres\/#breadcrumb\",\"itemListElement\":[{\"@type\":\"ListItem\",\"position\":1,\"name\":\"In\u00edcio\",\"item\":\"https:\/\/msrchurch.org\/\"},{\"@type\":\"ListItem\",\"position\":2,\"name\":\"Mulheres\"}]},{\"@type\":\"WebSite\",\"@id\":\"https:\/\/msrchurch.org\/#website\",\"url\":\"https:\/\/msrchurch.org\/\",\"name\":\"Minist\u00e9rio Sobre a Rocha\",\"description\":\"\",\"publisher\":{\"@id\":\"https:\/\/msrchurch.org\/#organization\"},\"potentialAction\":[{\"@type\":\"SearchAction\",\"target\":{\"@type\":\"EntryPoint\",\"urlTemplate\":\"https:\/\/msrchurch.org\/?s={search_term_string}\"},\"query-input\":{\"@type\":\"PropertyValueSpecification\",\"valueRequired\":true,\"valueName\":\"search_term_string\"}}],\"inLanguage\":\"pt-BR\"},{\"@type\":\"Organization\",\"@id\":\"https:\/\/msrchurch.org\/#organization\",\"name\":\"Minist\u00e9rio Sobre a Rocha\",\"url\":\"https:\/\/msrchurch.org\/\",\"logo\":{\"@type\":\"ImageObject\",\"inLanguage\":\"pt-BR\",\"@id\":\"https:\/\/msrchurch.org\/#\/schema\/logo\/image\/\",\"url\":\"https:\/\/msrchurch.org\/wp-content\/uploads\/2019\/02\/Ministerio-Sobre-a-Rocha.png\",\"contentUrl\":\"https:\/\/msrchurch.org\/wp-content\/uploads\/2019\/02\/Ministerio-Sobre-a-Rocha.png\",\"width\":2434,\"height\":1793,\"caption\":\"Minist\u00e9rio Sobre a Rocha\"},\"image\":{\"@id\":\"https:\/\/msrchurch.org\/#\/schema\/logo\/image\/\"},\"sameAs\":[\"https:\/\/www.facebook.com\/ministeriosobrearochausa\",\"https:\/\/www.instagram.com\/ministeriosobrearocha\/\"]}]}<\/script>\n<!-- \/ Yoast SEO plugin. -->","yoast_head_json":{"title":"Mulheres - Minist\u00e9rio Sobre a Rocha","robots":{"index":"index","follow":"follow","max-snippet":"max-snippet:-1","max-image-preview":"max-image-preview:large","max-video-preview":"max-video-preview:-1"},"canonical":"https:\/\/msrchurch.org\/index.php\/mulheres\/","og_locale":"pt_BR","og_type":"article","og_title":"Mulheres - Minist\u00e9rio Sobre a Rocha","og_description":"[vc_row][vc_column][\/vc_column][\/vc_row][vc_row full_width=&#8221;stretch_row_content_no_spaces&#8221; equal_height=&#8221;yes&#8221; css=&#8221;.vc_custom_1456226492361{margin-bottom: 0px !important;}&#8221;][vc_column css=&#8221;.vc_custom_1558620104693{padding-top: 250px !important;padding-bottom: 250px !important;background-image: url(https:\/\/msrchurch.org\/wp-content\/uploads\/2019\/05\/60538610_1097136673828626_9172350247739850752_o.jpg?id=25149) !important;background-position: center !important;background-repeat: no-repeat !important;background-size: cover !important;}&#8221; offset=&#8221;vc_col-lg-6...","og_url":"https:\/\/msrchurch.org\/index.php\/mulheres\/","og_site_name":"Minist\u00e9rio Sobre a Rocha","article_publisher":"https:\/\/www.facebook.com\/ministeriosobrearochausa","article_modified_time":"2019-05-23T14:01:44+00:00","twitter_card":"summary_large_image","twitter_misc":{"Est. tempo de leitura":"1 minuto"},"schema":{"@context":"https:\/\/schema.org","@graph":[{"@type":"WebPage","@id":"https:\/\/msrchurch.org\/index.php\/mulheres\/","url":"https:\/\/msrchurch.org\/index.php\/mulheres\/","name":"Mulheres - Minist\u00e9rio Sobre a Rocha","isPartOf":{"@id":"https:\/\/msrchurch.org\/#website"},"datePublished":"2019-02-12T11:48:53+00:00","dateModified":"2019-05-23T14:01:44+00:00","breadcrumb":{"@id":"https:\/\/msrchurch.org\/index.php\/mulheres\/#breadcrumb"},"inLanguage":"pt-BR","potentialAction":[{"@type":"ReadAction","target":["https:\/\/msrchurch.org\/index.php\/mulheres\/"]}]},{"@type":"BreadcrumbList","@id":"https:\/\/msrchurch.org\/index.php\/mulheres\/#breadcrumb","itemListElement":[{"@type":"ListItem","position":1,"name":"In\u00edcio","item":"https:\/\/msrchurch.org\/"},{"@type":"ListItem","position":2,"name":"Mulheres"}]},{"@type":"WebSite","@id":"https:\/\/msrchurch.org\/#website","url":"https:\/\/msrchurch.org\/","name":"Minist\u00e9rio Sobre a Rocha","description":"","publisher":{"@id":"https:\/\/msrchurch.org\/#organization"},"potentialAction":[{"@type":"SearchAction","target":{"@type":"EntryPoint","urlTemplate":"https:\/\/msrchurch.org\/?s={search_term_string}"},"query-input":{"@type":"PropertyValueSpecification","valueRequired":true,"valueName":"search_term_string"}}],"inLanguage":"pt-BR"},{"@type":"Organization","@id":"https:\/\/msrchurch.org\/#organization","name":"Minist\u00e9rio Sobre a Rocha","url":"https:\/\/msrchurch.org\/","logo":{"@type":"ImageObject","inLanguage":"pt-BR","@id":"https:\/\/msrchurch.org\/#\/schema\/logo\/image\/","url":"https:\/\/msrchurch.org\/wp-content\/uploads\/2019\/02\/Ministerio-Sobre-a-Rocha.png","contentUrl":"https:\/\/msrchurch.org\/wp-content\/uploads\/2019\/02\/Ministerio-Sobre-a-Rocha.png","width":2434,"height":1793,"caption":"Minist\u00e9rio Sobre a Rocha"},"image":{"@id":"https:\/\/msrchurch.org\/#\/schema\/logo\/image\/"},"sameAs":["https:\/\/www.facebook.com\/ministeriosobrearochausa","https:\/\/www.instagram.com\/ministeriosobrearocha\/"]}]}},"_links":{"self":[{"href":"https:\/\/msrchurch.org\/index.php\/wp-json\/wp\/v2\/pages\/25064","targetHints":{"allow":["GET"]}}],"collection":[{"href":"https:\/\/msrchurch.org\/index.php\/wp-json\/wp\/v2\/pages"}],"about":[{"href":"https:\/\/msrchurch.org\/index.php\/wp-json\/wp\/v2\/types\/page"}],"author":[{"embeddable":true,"href":"https:\/\/msrchurch.org\/index.php\/wp-json\/wp\/v2\/users\/1"}],"replies":[{"embeddable":true,"href":"https:\/\/msrchurch.org\/index.php\/wp-json\/wp\/v2\/comments?post=25064"}],"version-history":[{"count":5,"href":"https:\/\/msrchurch.org\/index.php\/wp-json\/wp\/v2\/pages\/25064\/revisions"}],"predecessor-version":[{"id":25150,"href":"https:\/\/msrchurch.org\/index.php\/wp-json\/wp\/v2\/pages\/25064\/revisions\/25150"}],"wp:attachment":[{"href":"https:\/\/msrchurch.org\/index.php\/wp-json\/wp\/v2\/media?parent=25064"}],"curies":[{"name":"wp","href":"https:\/\/api.w.org\/{rel}","templated":true}]}}